{"id":2910,"date":"2022-06-19T16:33:14","date_gmt":"2022-06-19T14:33:14","guid":{"rendered":"http:\/\/baobab-vc.com\/?page_id=2910"},"modified":"2022-06-19T17:04:38","modified_gmt":"2022-06-19T15:04:38","slug":"news","status":"publish","type":"page","link":"https:\/\/baobab-vc.com\/index.php\/news\/","title":{"rendered":"news"},"content":{"rendered":"\t\t<div data-elementor-type=\"wp-page\" data-elementor-id=\"2910\" class=\"elementor elementor-2910\">\n\t\t\t\t\t\t<section class=\"elementor-section elementor-top-section elementor-element elementor-element-2d9d7896 elementor-section-content-middle elementor-section-boxed elementor-section-height-default elementor-section-height-default wpr-particle-no wpr-jarallax-no wpr-parallax-no wpr-sticky-section-no\" data-id=\"2d9d7896\" data-element_type=\"section\" data-settings=\"{&quot;_ha_eqh_enable&quot;:false}\">\n\t\t\t\t\t\t<div class=\"elementor-container elementor-column-gap-default\">\n\t\t\t\t\t<div class=\"elementor-column elementor-col-33 elementor-top-column elementor-element elementor-element-6e82f210\" data-id=\"6e82f210\" data-element_type=\"column\">\n\t\t\t<div class=\"elementor-widget-wrap elementor-element-populated\">\n\t\t\t\t\t\t<div class=\"elementor-element elementor-element-18d59258 elementor-widget elementor-widget-image\" data-id=\"18d59258\" data-element_type=\"widget\" data-widget_type=\"image.default\">\n\t\t\t\t<div class=\"elementor-widget-container\">\n\t\t\t<style>\/*! elementor - v3.20.0 - 20-03-2024 *\/\n.elementor-widget-image{text-align:center}.elementor-widget-image a{display:inline-block}.elementor-widget-image a img[src$=\".svg\"]{width:48px}.elementor-widget-image img{vertical-align:middle;display:inline-block}<\/style>\t\t\t\t\t\t\t\t\t\t<img fetchpriority=\"high\" decoding=\"async\" width=\"300\" height=\"300\" src=\"https:\/\/baobab-vc.com\/wp-content\/uploads\/2022\/06\/logoBVC-300x300.jpg\" class=\"attachment-medium size-medium wp-image-759\" alt=\"\" srcset=\"https:\/\/baobab-vc.com\/wp-content\/uploads\/2022\/06\/logoBVC-300x300.jpg 300w, https:\/\/baobab-vc.com\/wp-content\/uploads\/2022\/06\/logoBVC-150x150.jpg 150w, https:\/\/baobab-vc.com\/wp-content\/uploads\/2022\/06\/logoBVC-768x768.jpg 768w, https:\/\/baobab-vc.com\/wp-content\/uploads\/2022\/06\/logoBVC.jpg 1000w\" sizes=\"(max-width: 300px) 100vw, 300px\" \/>\t\t\t\t\t\t\t\t\t\t\t\t\t<\/div>\n\t\t\t\t<\/div>\n\t\t\t\t\t<\/div>\n\t\t<\/div>\n\t\t\t\t<div class=\"elementor-column elementor-col-33 elementor-top-column elementor-element elementor-element-709218ee\" data-id=\"709218ee\" data-element_type=\"column\">\n\t\t\t<div class=\"elementor-widget-wrap elementor-element-populated\">\n\t\t\t\t\t\t<div class=\"elementor-element elementor-element-576dedfd elementor-widget elementor-widget-ekit-nav-menu\" data-id=\"576dedfd\" data-element_type=\"widget\" data-widget_type=\"ekit-nav-menu.default\">\n\t\t\t\t<div class=\"elementor-widget-container\">\n\t\t\t<div class=\"ekit-wid-con ekit_menu_responsive_tablet\" data-hamburger-icon=\"\" data-hamburger-icon-type=\"icon\" data-responsive-breakpoint=\"1024\">            <button class=\"elementskit-menu-hamburger elementskit-menu-toggler\"  type=\"button\" aria-label=\"hamburger-icon\">\n                                    <span class=\"elementskit-menu-hamburger-icon\"><\/span><span class=\"elementskit-menu-hamburger-icon\"><\/span><span class=\"elementskit-menu-hamburger-icon\"><\/span>\n                            <\/button>\n            <div id=\"ekit-megamenu-main-menu\" class=\"elementskit-menu-container elementskit-menu-offcanvas-elements elementskit-navbar-nav-default ekit-nav-menu-one-page-no ekit-nav-dropdown-hover\"><ul id=\"menu-main-menu\" class=\"elementskit-navbar-nav elementskit-menu-po-center submenu-click-on-icon\"><li id=\"menu-item-649\" class=\"menu-item menu-item-type-post_type menu-item-object-page menu-item-home menu-item-649 nav-item elementskit-mobile-builder-content\" data-vertical-menu=750px><a href=\"https:\/\/baobab-vc.com\/\" class=\"ekit-menu-nav-link\">Accueil<\/a><\/li>\n<li id=\"menu-item-919\" class=\"menu-item menu-item-type-post_type menu-item-object-page menu-item-919 nav-item elementskit-mobile-builder-content\" data-vertical-menu=750px><a href=\"https:\/\/baobab-vc.com\/index.php\/qui-sommes-nous\/\" class=\"ekit-menu-nav-link\">Qui sommes-nous?<\/a><\/li>\n<li id=\"menu-item-920\" class=\"menu-item menu-item-type-post_type menu-item-object-page menu-item-920 nav-item elementskit-mobile-builder-content\" data-vertical-menu=750px><a href=\"https:\/\/baobab-vc.com\/index.php\/reseaux-pays\/\" class=\"ekit-menu-nav-link\">R\u00e9seaux Pays<\/a><\/li>\n<li id=\"menu-item-921\" class=\"menu-item menu-item-type-post_type menu-item-object-page menu-item-921 nav-item elementskit-mobile-builder-content\" data-vertical-menu=750px><a href=\"https:\/\/baobab-vc.com\/index.php\/equipe\/\" class=\"ekit-menu-nav-link\">Equipe Monde<\/a><\/li>\n<li id=\"menu-item-1154\" class=\"menu-item menu-item-type-post_type menu-item-object-page menu-item-1154 nav-item elementskit-mobile-builder-content\" data-vertical-menu=750px><a href=\"https:\/\/baobab-vc.com\/index.php\/nous-rejoindre\/\" class=\"ekit-menu-nav-link\">Nous rejoindre<\/a><\/li>\n<\/ul><div class=\"elementskit-nav-identity-panel\">\n\t\t\t\t<div class=\"elementskit-site-title\">\n\t\t\t\t\t<a class=\"elementskit-nav-logo\" href=\"https:\/\/baobab-vc.com\" target=\"_self\" rel=\"\">\n\t\t\t\t\t\t<img decoding=\"async\" width=\"1200\" height=\"800\" src=\"https:\/\/baobab-vc.com\/wp-content\/uploads\/2022\/06\/placeholder-664.png\" class=\"attachment-full size-full\" alt=\"\" srcset=\"https:\/\/baobab-vc.com\/wp-content\/uploads\/2022\/06\/placeholder-664.png 1200w, https:\/\/baobab-vc.com\/wp-content\/uploads\/2022\/06\/placeholder-664-300x200.png 300w, https:\/\/baobab-vc.com\/wp-content\/uploads\/2022\/06\/placeholder-664-1024x683.png 1024w, https:\/\/baobab-vc.com\/wp-content\/uploads\/2022\/06\/placeholder-664-768x512.png 768w\" sizes=\"(max-width: 1200px) 100vw, 1200px\" \/>\n\t\t\t\t\t<\/a> \n\t\t\t\t<\/div><button class=\"elementskit-menu-close elementskit-menu-toggler\" type=\"button\">X<\/button><\/div><\/div>\t\t\t\n\t\t\t<div class=\"elementskit-menu-overlay elementskit-menu-offcanvas-elements elementskit-menu-toggler ekit-nav-menu--overlay\"><\/div><\/div>\t\t<\/div>\n\t\t\t\t<\/div>\n\t\t\t\t\t<\/div>\n\t\t<\/div>\n\t\t\t\t<div class=\"elementor-column elementor-col-33 elementor-top-column elementor-element elementor-element-2b1d25ca\" data-id=\"2b1d25ca\" data-element_type=\"column\">\n\t\t\t<div class=\"elementor-widget-wrap elementor-element-populated\">\n\t\t\t\t\t\t<div class=\"elementor-element elementor-element-68085ae8 elementor-widget__width-auto elementor-widget elementor-widget-elementskit-header-search\" data-id=\"68085ae8\" data-element_type=\"widget\" data-widget_type=\"elementskit-header-search.default\">\n\t\t\t\t<div class=\"elementor-widget-container\">\n\t\t\t<div class=\"ekit-wid-con\" >        <a href=\"#ekit_modal-popup-68085ae8\" class=\"ekit_navsearch-button ekit-modal-popup\" aria-label=\"navsearch-button\">\n            <i aria-hidden=\"true\" class=\"icon icon-search\"><\/i>        <\/a>\n        <!-- language switcher strart -->\n        <!-- xs modal -->\n        <div class=\"zoom-anim-dialog mfp-hide ekit_modal-searchPanel\" id=\"ekit_modal-popup-68085ae8\">\n            <div class=\"ekit-search-panel\">\n            <!-- Polylang search - thanks to Alain Melsens -->\n                <form role=\"search\" method=\"get\" class=\"ekit-search-group\" action=\"https:\/\/baobab-vc.com\/\">\n                    <input type=\"search\" class=\"ekit_search-field\" aria-label=\"search-form\" placeholder=\"Search...\" value=\"\" name=\"s\">\n\t\t\t\t\t<button type=\"submit\" class=\"ekit_search-button\" aria-label=\"search-button\">\n                        <i aria-hidden=\"true\" class=\"icon icon-search\"><\/i>                    <\/button>\n                <\/form>\n            <\/div>\n        <\/div><!-- End xs modal -->\n        <!-- end language switcher strart -->\n        <\/div>\t\t<\/div>\n\t\t\t\t<\/div>\n\t\t\t\t\t<\/div>\n\t\t<\/div>\n\t\t\t\t\t<\/div>\n\t\t<\/section>\n\t\t\t\t<section class=\"elementor-section elementor-top-section elementor-element elementor-element-be18caa elementor-section-boxed elementor-section-height-default elementor-section-height-default wpr-particle-no wpr-jarallax-no wpr-parallax-no wpr-sticky-section-no\" data-id=\"be18caa\" data-element_type=\"section\" data-settings=\"{&quot;_ha_eqh_enable&quot;:false}\">\n\t\t\t\t\t\t<div class=\"elementor-container elementor-column-gap-default\">\n\t\t\t\t\t<div class=\"elementor-column elementor-col-100 elementor-top-column elementor-element elementor-element-25bb5d8\" data-id=\"25bb5d8\" data-element_type=\"column\">\n\t\t\t<div class=\"elementor-widget-wrap elementor-element-populated\">\n\t\t\t\t\t\t<div class=\"elementor-element elementor-element-4eba1f7 elementor-widget elementor-widget-heading\" data-id=\"4eba1f7\" data-element_type=\"widget\" data-widget_type=\"heading.default\">\n\t\t\t\t<div class=\"elementor-widget-container\">\n\t\t\t<style>\/*! elementor - v3.20.0 - 20-03-2024 *\/\n.elementor-heading-title{padding:0;margin:0;line-height:1}.elementor-widget-heading .elementor-heading-title[class*=elementor-size-]>a{color:inherit;font-size:inherit;line-height:inherit}.elementor-widget-heading .elementor-heading-title.elementor-size-small{font-size:15px}.elementor-widget-heading .elementor-heading-title.elementor-size-medium{font-size:19px}.elementor-widget-heading .elementor-heading-title.elementor-size-large{font-size:29px}.elementor-widget-heading .elementor-heading-title.elementor-size-xl{font-size:39px}.elementor-widget-heading .elementor-heading-title.elementor-size-xxl{font-size:59px}<\/style><h2 class=\"elementor-heading-title elementor-size-default\">Actualit\u00e9 de nos membres<\/h2>\t\t<\/div>\n\t\t\t\t<\/div>\n\t\t\t\t\t<\/div>\n\t\t<\/div>\n\t\t\t\t\t<\/div>\n\t\t<\/section>\n\t\t\t\t<section class=\"elementor-section elementor-top-section elementor-element elementor-element-2f2fdfe40 elementor-section-boxed elementor-section-height-default elementor-section-height-default wpr-particle-no wpr-jarallax-no wpr-parallax-no wpr-sticky-section-no\" data-id=\"2f2fdfe40\" data-element_type=\"section\" id=\"layout-9\" data-settings=\"{&quot;background_background&quot;:&quot;classic&quot;,&quot;_ha_eqh_enable&quot;:false}\">\n\t\t\t\t\t\t<div class=\"elementor-container elementor-column-gap-default\">\n\t\t\t\t\t<div class=\"elementor-column elementor-col-100 elementor-top-column elementor-element elementor-element-47367acc\" data-id=\"47367acc\" data-element_type=\"column\">\n\t\t\t<div class=\"elementor-widget-wrap elementor-element-populated\">\n\t\t\t\t\t\t<div class=\"elementor-element elementor-element-4dab328e elementor-widget elementor-widget-wpr-magazine-grid\" data-id=\"4dab328e\" data-element_type=\"widget\" data-widget_type=\"wpr-magazine-grid.default\">\n\t\t\t\t<div class=\"elementor-widget-container\">\n\t\t\t<div class=\"wpr-magazine-grid-wrap\"  data-slide-effect=\"\"><section class=\"wpr-magazine-grid wpr-mgzn-grid-1-1-3 wpr-mgzn-grid-rows-1\"><article class=\"wpr-mgzn-grid-item elementor-clearfix post-2975 post type-post status-publish format-standard hentry category-uncategorized category-non-classe tag-actualite tag-leadership tag-membres tag-senegal\"><div class=\"wpr-grid-item-inner\"><div class=\"wpr-grid-media-wrap\" data-overlay-link=\"yes\"><div class=\"wpr-grid-media-hover wpr-animation-wrap\"><div class=\"wpr-grid-media-hover-bg  wpr-overlay-fade-out wpr-anim-size-medium wpr-anim-timing-ease-default wpr-anim-transparency\" data-url=\"https:\/\/baobab-vc.com\/index.php\/2022\/06\/19\/aly-karmel-keita-apporte-le-leadership-aux-jeunes-senegalais\/\"><\/div><div class=\"wpr-grid-media-hover-bottom elementor-clearfix\"><h2 class=\"wpr-grid-item-title elementor-repeater-item-f0ad6cb wpr-grid-item-display-block wpr-grid-item-align-left wpr-pointer-none wpr-pointer-line-fx wpr-pointer-fx-fade\"><div class=\"inner-block\"><a  target=\"_self\"  href=\"https:\/\/baobab-vc.com\/index.php\/2022\/06\/19\/aly-karmel-keita-apporte-le-leadership-aux-jeunes-senegalais\/\">Aly Karmel Keita apporte le leadership aux jeunes s\u00e9n\u00e9galais!<\/a><\/div><\/h2><div class=\"wpr-grid-item-date elementor-repeater-item-0d205e6 wpr-grid-item-display-inline wpr-grid-item-align-left\"><div class=\"inner-block\"><span>19 June 2022<\/span><\/div><\/div><div class=\"wpr-grid-item-separator elementor-repeater-item-ef9b7be wpr-grid-item-display-inline wpr-grid-item-align-left wpr-grid-sep-style-1\"><div class=\"inner-block\"><span><\/span><\/div><\/div><div class=\"wpr-grid-item-author elementor-repeater-item-781977c wpr-grid-item-display-inline wpr-grid-item-align-left\"><div class=\"inner-block\"><a href=\"https:\/\/baobab-vc.com\/index.php\/author\/prosper49\/\"><span>prosper49<\/span><\/a><\/div><\/div><div class=\"wpr-grid-item-comments elementor-repeater-item-60199c8 wpr-grid-item-display-inline wpr-grid-item-align-right\"><div class=\"inner-block\"><a href=\"https:\/\/baobab-vc.com\/index.php\/2022\/06\/19\/aly-karmel-keita-apporte-le-leadership-aux-jeunes-senegalais\/#comments\"><span>1&nbsp;<\/span><span class=\"wpr-grid-extra-icon-right\"><i aria-hidden=\"true\" class=\"far fa-comment-alt\"><\/i><\/span><\/a><\/div><\/div><div class=\"wpr-grid-item-category elementor-repeater-item-8268736 wpr-grid-item-display-block wpr-grid-item-align-center wpr-pointer-none wpr-pointer-line-fx wpr-pointer-fx-fade wpr-grid-tax-style-1\"><div class=\"inner-block\"><a class=\" wpr-tax-id-3\" href=\"https:\/\/baobab-vc.com\/index.php\/category\/uncategorized\/\">Actualit\u00e9 des membres<span class=\"tax-sep\">, <\/span><\/a><a class=\" wpr-tax-id-1\" href=\"https:\/\/baobab-vc.com\/index.php\/category\/non-classe\/\">Non class\u00e9<\/a><\/div><\/div><\/div><\/div><\/div><\/div><\/article><article class=\"wpr-mgzn-grid-item elementor-clearfix post-2941 post type-post status-publish format-standard hentry category-uncategorized category-non-classe tag-actualite tag-benin tag-economie tag-membres\"><div class=\"wpr-grid-item-inner\"><div class=\"wpr-grid-media-wrap\" data-overlay-link=\"yes\"><div class=\"wpr-grid-media-hover wpr-animation-wrap\"><div class=\"wpr-grid-media-hover-bg  wpr-overlay-fade-out wpr-anim-size-medium wpr-anim-timing-ease-default wpr-anim-transparency\" data-url=\"https:\/\/baobab-vc.com\/index.php\/2022\/06\/19\/prosper-ifede-alagbe-a-la-une-de-linvestisseur\/\"><\/div><div class=\"wpr-grid-media-hover-bottom elementor-clearfix\"><h2 class=\"wpr-grid-item-title elementor-repeater-item-f0ad6cb wpr-grid-item-display-block wpr-grid-item-align-left wpr-pointer-none wpr-pointer-line-fx wpr-pointer-fx-fade\"><div class=\"inner-block\"><a  target=\"_self\"  href=\"https:\/\/baobab-vc.com\/index.php\/2022\/06\/19\/prosper-ifede-alagbe-a-la-une-de-linvestisseur\/\">Prosper If\u00e8d\u00e9 Alagb\u00e9 \u00e0 la une de l&#8217;investisseur<\/a><\/div><\/h2><div class=\"wpr-grid-item-date elementor-repeater-item-0d205e6 wpr-grid-item-display-inline wpr-grid-item-align-left\"><div class=\"inner-block\"><span>19 June 2022<\/span><\/div><\/div><div class=\"wpr-grid-item-separator elementor-repeater-item-ef9b7be wpr-grid-item-display-inline wpr-grid-item-align-left wpr-grid-sep-style-1\"><div class=\"inner-block\"><span><\/span><\/div><\/div><div class=\"wpr-grid-item-author elementor-repeater-item-781977c wpr-grid-item-display-inline wpr-grid-item-align-left\"><div class=\"inner-block\"><a href=\"https:\/\/baobab-vc.com\/index.php\/author\/prosper49\/\"><span>prosper49<\/span><\/a><\/div><\/div><div class=\"wpr-grid-item-comments elementor-repeater-item-60199c8 wpr-grid-item-display-inline wpr-grid-item-align-right\"><div class=\"inner-block\"><a href=\"https:\/\/baobab-vc.com\/index.php\/2022\/06\/19\/prosper-ifede-alagbe-a-la-une-de-linvestisseur\/#comments\"><span>2&nbsp;<\/span><span class=\"wpr-grid-extra-icon-right\"><i aria-hidden=\"true\" class=\"far fa-comment-alt\"><\/i><\/span><\/a><\/div><\/div><div class=\"wpr-grid-item-category elementor-repeater-item-8268736 wpr-grid-item-display-block wpr-grid-item-align-center wpr-pointer-none wpr-pointer-line-fx wpr-pointer-fx-fade wpr-grid-tax-style-1\"><div class=\"inner-block\"><a class=\" wpr-tax-id-3\" href=\"https:\/\/baobab-vc.com\/index.php\/category\/uncategorized\/\">Actualit\u00e9 des membres<span class=\"tax-sep\">, <\/span><\/a><a class=\" wpr-tax-id-1\" href=\"https:\/\/baobab-vc.com\/index.php\/category\/non-classe\/\">Non class\u00e9<\/a><\/div><\/div><\/div><\/div><\/div><\/div><\/article><article class=\"wpr-mgzn-grid-item elementor-clearfix post-1 post type-post status-publish format-standard hentry category-uncategorized category-non-classe tag-abidjan tag-actualite tag-membres\"><div class=\"wpr-grid-item-inner\"><div class=\"wpr-grid-media-wrap\" data-overlay-link=\"yes\"><div class=\"wpr-grid-media-hover wpr-animation-wrap\"><div class=\"wpr-grid-media-hover-bg  wpr-overlay-fade-out wpr-anim-size-medium wpr-anim-timing-ease-default wpr-anim-transparency\" data-url=\"https:\/\/baobab-vc.com\/index.php\/2022\/06\/14\/joseph-kuate\/\"><\/div><div class=\"wpr-grid-media-hover-bottom elementor-clearfix\"><h2 class=\"wpr-grid-item-title elementor-repeater-item-f0ad6cb wpr-grid-item-display-block wpr-grid-item-align-left wpr-pointer-none wpr-pointer-line-fx wpr-pointer-fx-fade\"><div class=\"inner-block\"><a  target=\"_self\"  href=\"https:\/\/baobab-vc.com\/index.php\/2022\/06\/14\/joseph-kuate\/\">Joseph Kuate booste la gestion client\u00e8le\u00a0!<\/a><\/div><\/h2><div class=\"wpr-grid-item-date elementor-repeater-item-0d205e6 wpr-grid-item-display-inline wpr-grid-item-align-left\"><div class=\"inner-block\"><span>14 June 2022<\/span><\/div><\/div><div class=\"wpr-grid-item-separator elementor-repeater-item-ef9b7be wpr-grid-item-display-inline wpr-grid-item-align-left wpr-grid-sep-style-1\"><div class=\"inner-block\"><span><\/span><\/div><\/div><div class=\"wpr-grid-item-author elementor-repeater-item-781977c wpr-grid-item-display-inline wpr-grid-item-align-left\"><div class=\"inner-block\"><a href=\"https:\/\/baobab-vc.com\/index.php\/author\/prosper49\/\"><span>prosper49<\/span><\/a><\/div><\/div><div class=\"wpr-grid-item-comments elementor-repeater-item-60199c8 wpr-grid-item-display-inline wpr-grid-item-align-right\"><div class=\"inner-block\"><a href=\"https:\/\/baobab-vc.com\/index.php\/2022\/06\/14\/joseph-kuate\/#respond\"><span>0<\/span><span class=\"wpr-grid-extra-icon-right\"><i aria-hidden=\"true\" class=\"far fa-comment-alt\"><\/i><\/span><\/a><\/div><\/div><div class=\"wpr-grid-item-category elementor-repeater-item-8268736 wpr-grid-item-display-block wpr-grid-item-align-center wpr-pointer-none wpr-pointer-line-fx wpr-pointer-fx-fade wpr-grid-tax-style-1\"><div class=\"inner-block\"><a class=\" wpr-tax-id-3\" href=\"https:\/\/baobab-vc.com\/index.php\/category\/uncategorized\/\">Actualit\u00e9 des membres<span class=\"tax-sep\">, <\/span><\/a><a class=\" wpr-tax-id-1\" href=\"https:\/\/baobab-vc.com\/index.php\/category\/non-classe\/\">Non class\u00e9<\/a><\/div><\/div><\/div><\/div><\/div><\/div><\/article><\/section><\/div>\t\t<\/div>\n\t\t\t\t<\/div>\n\t\t\t\t\t<\/div>\n\t\t<\/div>\n\t\t\t\t\t<\/div>\n\t\t<\/section>\n\t\t\t\t<\/div>\n\t\t\n    <div class=\"xs_social_share_widget xs_share_url after_content \t\tmain_content  wslu-style-1 wslu-share-box-shaped wslu-fill-colored wslu-none wslu-share-horizontal wslu-theme-font-no wslu-main_content\">\n\n\t\t\n        <ul>\n\t\t\t        <\/ul>\n    <\/div> \n","protected":false},"excerpt":{"rendered":"<p>Accueil Qui sommes-nous? R\u00e9seaux Pays Equipe Monde Nous rejoindre X Actualit\u00e9 de nos membres Joseph Kuate booste la gestion client\u00e8le\u00a0! 14 juin 2022prosper491&nbsp;Non class\u00e9<\/p>\n","protected":false},"author":1,"featured_media":0,"parent":0,"menu_order":0,"comment_status":"closed","ping_status":"closed","template":"","meta":{"om_disable_all_campaigns":false,"_monsterinsights_skip_tracking":false,"_monsterinsights_sitenote_active":false,"_monsterinsights_sitenote_note":"","_monsterinsights_sitenote_category":0,"footnotes":""},"aioseo_notices":[],"_links":{"self":[{"href":"https:\/\/baobab-vc.com\/index.php\/wp-json\/wp\/v2\/pages\/2910"}],"collection":[{"href":"https:\/\/baobab-vc.com\/index.php\/wp-json\/wp\/v2\/pages"}],"about":[{"href":"https:\/\/baobab-vc.com\/index.php\/wp-json\/wp\/v2\/types\/page"}],"author":[{"embeddable":true,"href":"https:\/\/baobab-vc.com\/index.php\/wp-json\/wp\/v2\/users\/1"}],"replies":[{"embeddable":true,"href":"https:\/\/baobab-vc.com\/index.php\/wp-json\/wp\/v2\/comments?post=2910"}],"version-history":[{"count":16,"href":"https:\/\/baobab-vc.com\/index.php\/wp-json\/wp\/v2\/pages\/2910\/revisions"}],"predecessor-version":[{"id":2940,"href":"https:\/\/baobab-vc.com\/index.php\/wp-json\/wp\/v2\/pages\/2910\/revisions\/2940"}],"wp:attachment":[{"href":"https:\/\/baobab-vc.com\/index.php\/wp-json\/wp\/v2\/media?parent=2910"}],"curies":[{"name":"wp","href":"https:\/\/api.w.org\/{rel}","templated":true}]}}