{"id":908,"date":"2022-06-16T14:23:19","date_gmt":"2022-06-16T12:23:19","guid":{"rendered":"http:\/\/baobab-vc.com\/?page_id=908"},"modified":"2022-06-19T01:33:35","modified_gmt":"2022-06-18T23:33:35","slug":"reseaux-pays","status":"publish","type":"page","link":"https:\/\/baobab-vc.com\/index.php\/reseaux-pays\/","title":{"rendered":"R\u00e9seaux Pays"},"content":{"rendered":"\t\t<div data-elementor-type=\"wp-page\" data-elementor-id=\"908\" class=\"elementor elementor-908\">\n\t\t\t\t\t\t<section class=\"elementor-section elementor-top-section elementor-element elementor-element-318332ad elementor-section-content-middle elementor-section-boxed elementor-section-height-default elementor-section-height-default wpr-particle-no wpr-jarallax-no wpr-parallax-no wpr-sticky-section-no\" data-id=\"318332ad\" data-element_type=\"section\" data-settings=\"{&quot;_ha_eqh_enable&quot;:false}\">\n\t\t\t\t\t\t<div class=\"elementor-container elementor-column-gap-default\">\n\t\t\t\t\t<div class=\"elementor-column elementor-col-33 elementor-top-column elementor-element elementor-element-2fef1569\" data-id=\"2fef1569\" data-element_type=\"column\">\n\t\t\t<div class=\"elementor-widget-wrap elementor-element-populated\">\n\t\t\t\t\t\t<div class=\"elementor-element elementor-element-473d2bcc elementor-widget elementor-widget-image\" data-id=\"473d2bcc\" data-element_type=\"widget\" data-widget_type=\"image.default\">\n\t\t\t\t<div class=\"elementor-widget-container\">\n\t\t\t<style>\/*! elementor - v3.20.0 - 20-03-2024 *\/\n.elementor-widget-image{text-align:center}.elementor-widget-image a{display:inline-block}.elementor-widget-image a img[src$=\".svg\"]{width:48px}.elementor-widget-image img{vertical-align:middle;display:inline-block}<\/style>\t\t\t\t\t\t\t\t\t\t<img fetchpriority=\"high\" decoding=\"async\" width=\"300\" height=\"300\" src=\"https:\/\/baobab-vc.com\/wp-content\/uploads\/2022\/06\/logoBVC-300x300.jpg\" class=\"attachment-medium size-medium wp-image-759\" alt=\"\" srcset=\"https:\/\/baobab-vc.com\/wp-content\/uploads\/2022\/06\/logoBVC-300x300.jpg 300w, https:\/\/baobab-vc.com\/wp-content\/uploads\/2022\/06\/logoBVC-150x150.jpg 150w, https:\/\/baobab-vc.com\/wp-content\/uploads\/2022\/06\/logoBVC-768x768.jpg 768w, https:\/\/baobab-vc.com\/wp-content\/uploads\/2022\/06\/logoBVC.jpg 1000w\" sizes=\"(max-width: 300px) 100vw, 300px\" \/>\t\t\t\t\t\t\t\t\t\t\t\t\t<\/div>\n\t\t\t\t<\/div>\n\t\t\t\t\t<\/div>\n\t\t<\/div>\n\t\t\t\t<div class=\"elementor-column elementor-col-33 elementor-top-column elementor-element elementor-element-46ee64d4\" data-id=\"46ee64d4\" data-element_type=\"column\">\n\t\t\t<div class=\"elementor-widget-wrap elementor-element-populated\">\n\t\t\t\t\t\t<div class=\"elementor-element elementor-element-7251db65 elementor-widget elementor-widget-ekit-nav-menu\" data-id=\"7251db65\" data-element_type=\"widget\" data-widget_type=\"ekit-nav-menu.default\">\n\t\t\t\t<div class=\"elementor-widget-container\">\n\t\t\t<div class=\"ekit-wid-con ekit_menu_responsive_tablet\" data-hamburger-icon=\"\" data-hamburger-icon-type=\"icon\" data-responsive-breakpoint=\"1024\">            <button class=\"elementskit-menu-hamburger elementskit-menu-toggler\"  type=\"button\" aria-label=\"hamburger-icon\">\n                                    <span class=\"elementskit-menu-hamburger-icon\"><\/span><span class=\"elementskit-menu-hamburger-icon\"><\/span><span class=\"elementskit-menu-hamburger-icon\"><\/span>\n                            <\/button>\n            <div id=\"ekit-megamenu-main-menu\" class=\"elementskit-menu-container elementskit-menu-offcanvas-elements elementskit-navbar-nav-default ekit-nav-menu-one-page-no ekit-nav-dropdown-hover\"><ul id=\"menu-main-menu\" class=\"elementskit-navbar-nav elementskit-menu-po-center submenu-click-on-icon\"><li id=\"menu-item-649\" class=\"menu-item menu-item-type-post_type menu-item-object-page menu-item-home menu-item-649 nav-item elementskit-mobile-builder-content\" data-vertical-menu=750px><a href=\"https:\/\/baobab-vc.com\/\" class=\"ekit-menu-nav-link\">Accueil<\/a><\/li>\n<li id=\"menu-item-919\" class=\"menu-item menu-item-type-post_type menu-item-object-page menu-item-919 nav-item elementskit-mobile-builder-content\" data-vertical-menu=750px><a href=\"https:\/\/baobab-vc.com\/index.php\/qui-sommes-nous\/\" class=\"ekit-menu-nav-link\">Qui sommes-nous?<\/a><\/li>\n<li id=\"menu-item-920\" class=\"menu-item menu-item-type-post_type menu-item-object-page menu-item-920 nav-item elementskit-mobile-builder-content\" data-vertical-menu=750px><a href=\"https:\/\/baobab-vc.com\/index.php\/reseaux-pays\/\" class=\"ekit-menu-nav-link\">R\u00e9seaux Pays<\/a><\/li>\n<li id=\"menu-item-921\" class=\"menu-item menu-item-type-post_type menu-item-object-page menu-item-921 nav-item elementskit-mobile-builder-content\" data-vertical-menu=750px><a href=\"https:\/\/baobab-vc.com\/index.php\/equipe\/\" class=\"ekit-menu-nav-link\">Equipe Monde<\/a><\/li>\n<li id=\"menu-item-1154\" class=\"menu-item menu-item-type-post_type menu-item-object-page menu-item-1154 nav-item elementskit-mobile-builder-content\" data-vertical-menu=750px><a href=\"https:\/\/baobab-vc.com\/index.php\/nous-rejoindre\/\" class=\"ekit-menu-nav-link\">Nous rejoindre<\/a><\/li>\n<\/ul><div class=\"elementskit-nav-identity-panel\">\n\t\t\t\t<div class=\"elementskit-site-title\">\n\t\t\t\t\t<a class=\"elementskit-nav-logo\" href=\"https:\/\/baobab-vc.com\" target=\"_self\" rel=\"\">\n\t\t\t\t\t\t<img decoding=\"async\" width=\"1200\" height=\"800\" src=\"https:\/\/baobab-vc.com\/wp-content\/uploads\/2022\/06\/placeholder-664.png\" class=\"attachment-full size-full\" alt=\"\" srcset=\"https:\/\/baobab-vc.com\/wp-content\/uploads\/2022\/06\/placeholder-664.png 1200w, https:\/\/baobab-vc.com\/wp-content\/uploads\/2022\/06\/placeholder-664-300x200.png 300w, https:\/\/baobab-vc.com\/wp-content\/uploads\/2022\/06\/placeholder-664-1024x683.png 1024w, https:\/\/baobab-vc.com\/wp-content\/uploads\/2022\/06\/placeholder-664-768x512.png 768w\" sizes=\"(max-width: 1200px) 100vw, 1200px\" \/>\n\t\t\t\t\t<\/a> \n\t\t\t\t<\/div><button class=\"elementskit-menu-close elementskit-menu-toggler\" type=\"button\">X<\/button><\/div><\/div>\t\t\t\n\t\t\t<div class=\"elementskit-menu-overlay elementskit-menu-offcanvas-elements elementskit-menu-toggler ekit-nav-menu--overlay\"><\/div><\/div>\t\t<\/div>\n\t\t\t\t<\/div>\n\t\t\t\t\t<\/div>\n\t\t<\/div>\n\t\t\t\t<div class=\"elementor-column elementor-col-33 elementor-top-column elementor-element elementor-element-6f9066d9\" data-id=\"6f9066d9\" data-element_type=\"column\">\n\t\t\t<div class=\"elementor-widget-wrap elementor-element-populated\">\n\t\t\t\t\t\t<div class=\"elementor-element elementor-element-61b8a91b elementor-widget__width-auto elementor-widget elementor-widget-elementskit-header-search\" data-id=\"61b8a91b\" data-element_type=\"widget\" data-widget_type=\"elementskit-header-search.default\">\n\t\t\t\t<div class=\"elementor-widget-container\">\n\t\t\t<div class=\"ekit-wid-con\" >        <a href=\"#ekit_modal-popup-61b8a91b\" class=\"ekit_navsearch-button ekit-modal-popup\" aria-label=\"navsearch-button\">\n            <i aria-hidden=\"true\" class=\"icon icon-search\"><\/i>        <\/a>\n        <!-- language switcher strart -->\n        <!-- xs modal -->\n        <div class=\"zoom-anim-dialog mfp-hide ekit_modal-searchPanel\" id=\"ekit_modal-popup-61b8a91b\">\n            <div class=\"ekit-search-panel\">\n            <!-- Polylang search - thanks to Alain Melsens -->\n                <form role=\"search\" method=\"get\" class=\"ekit-search-group\" action=\"https:\/\/baobab-vc.com\/\">\n                    <input type=\"search\" class=\"ekit_search-field\" aria-label=\"search-form\" placeholder=\"Search...\" value=\"\" name=\"s\">\n\t\t\t\t\t<button type=\"submit\" class=\"ekit_search-button\" aria-label=\"search-button\">\n                        <i aria-hidden=\"true\" class=\"icon icon-search\"><\/i>                    <\/button>\n                <\/form>\n            <\/div>\n        <\/div><!-- End xs modal -->\n        <!-- end language switcher strart -->\n        <\/div>\t\t<\/div>\n\t\t\t\t<\/div>\n\t\t\t\t\t<\/div>\n\t\t<\/div>\n\t\t\t\t\t<\/div>\n\t\t<\/section>\n\t\t\t\t<section class=\"elementor-section elementor-top-section elementor-element elementor-element-e8f0539 elementor-section-boxed elementor-section-height-default elementor-section-height-default wpr-particle-no wpr-jarallax-no wpr-parallax-no wpr-sticky-section-no\" data-id=\"e8f0539\" data-element_type=\"section\" data-settings=\"{&quot;_ha_eqh_enable&quot;:false}\">\n\t\t\t\t\t\t<div class=\"elementor-container elementor-column-gap-default\">\n\t\t\t\t\t<div class=\"elementor-column elementor-col-100 elementor-top-column elementor-element elementor-element-310f8d6\" data-id=\"310f8d6\" data-element_type=\"column\">\n\t\t\t<div class=\"elementor-widget-wrap elementor-element-populated\">\n\t\t\t\t\t\t<div class=\"elementor-element elementor-element-ca9875c elementor-widget elementor-widget-heading\" data-id=\"ca9875c\" data-element_type=\"widget\" data-widget_type=\"heading.default\">\n\t\t\t\t<div class=\"elementor-widget-container\">\n\t\t\t<style>\/*! elementor - v3.20.0 - 20-03-2024 *\/\n.elementor-heading-title{padding:0;margin:0;line-height:1}.elementor-widget-heading .elementor-heading-title[class*=elementor-size-]>a{color:inherit;font-size:inherit;line-height:inherit}.elementor-widget-heading .elementor-heading-title.elementor-size-small{font-size:15px}.elementor-widget-heading .elementor-heading-title.elementor-size-medium{font-size:19px}.elementor-widget-heading .elementor-heading-title.elementor-size-large{font-size:29px}.elementor-widget-heading .elementor-heading-title.elementor-size-xl{font-size:39px}.elementor-widget-heading .elementor-heading-title.elementor-size-xxl{font-size:59px}<\/style><h2 class=\"elementor-heading-title elementor-size-default\">Notre r\u00e9seau est pr\u00e9sent en Afrique et hors d'Afrique<\/h2>\t\t<\/div>\n\t\t\t\t<\/div>\n\t\t\t\t\t<\/div>\n\t\t<\/div>\n\t\t\t\t\t<\/div>\n\t\t<\/section>\n\t\t\t\t<section class=\"elementor-section elementor-top-section elementor-element elementor-element-d285be3 elementor-section-boxed elementor-section-height-default elementor-section-height-default wpr-particle-no wpr-jarallax-no wpr-parallax-no wpr-sticky-section-no\" data-id=\"d285be3\" data-element_type=\"section\" data-settings=\"{&quot;_ha_eqh_enable&quot;:false}\">\n\t\t\t\t\t\t<div class=\"elementor-container elementor-column-gap-default\">\n\t\t\t\t\t<div class=\"elementor-column elementor-col-100 elementor-top-column elementor-element elementor-element-988f84a\" data-id=\"988f84a\" data-element_type=\"column\">\n\t\t\t<div class=\"elementor-widget-wrap elementor-element-populated\">\n\t\t\t\t\t\t<div class=\"elementor-element elementor-element-48b03ed elementor-widget elementor-widget-shortcode\" data-id=\"48b03ed\" data-element_type=\"widget\" data-widget_type=\"shortcode.default\">\n\t\t\t\t<div class=\"elementor-widget-container\">\n\t\t\t\t\t<div class=\"elementor-shortcode\"><div class=\"map_wrapper\" id=\"map_wrapper_2353\">\r\n<div class=\"map_box\" style=\"max-width:2000px\">\r\n<div class=\"map_aspect_ratio\" style=\"padding-top:56%\" data-padding-top=\"56%\" data-padding-top-mobile=\"0%\">\r\n<div class=\"map_container\">\r\n<div class=\"map_render map_loading\" id=\"map_2353\"><\/div>\r\n<\/div>\r\n<\/div>\r\n<\/div>\r\n<\/div><\/div>\n\t\t\t\t<\/div>\n\t\t\t\t<\/div>\n\t\t\t\t\t<\/div>\n\t\t<\/div>\n\t\t\t\t\t<\/div>\n\t\t<\/section>\n\t\t\t\t<\/div>\n\t\t\n    <div class=\"xs_social_share_widget xs_share_url after_content \t\tmain_content  wslu-style-1 wslu-share-box-shaped wslu-fill-colored wslu-none wslu-share-horizontal wslu-theme-font-no wslu-main_content\">\n\n\t\t\n        <ul>\n\t\t\t        <\/ul>\n    <\/div> \n","protected":false},"excerpt":{"rendered":"<p>Accueil Qui sommes-nous? R\u00e9seaux Pays Equipe Monde Nous rejoindre X Notre r\u00e9seau est pr\u00e9sent en Afrique et hors d&#8217;Afrique<\/p>\n","protected":false},"author":1,"featured_media":0,"parent":0,"menu_order":0,"comment_status":"closed","ping_status":"closed","template":"","meta":{"om_disable_all_campaigns":false,"_monsterinsights_skip_tracking":false,"_monsterinsights_sitenote_active":false,"_monsterinsights_sitenote_note":"","_monsterinsights_sitenote_category":0,"footnotes":""},"aioseo_notices":[],"_links":{"self":[{"href":"https:\/\/baobab-vc.com\/index.php\/wp-json\/wp\/v2\/pages\/908"}],"collection":[{"href":"https:\/\/baobab-vc.com\/index.php\/wp-json\/wp\/v2\/pages"}],"about":[{"href":"https:\/\/baobab-vc.com\/index.php\/wp-json\/wp\/v2\/types\/page"}],"author":[{"embeddable":true,"href":"https:\/\/baobab-vc.com\/index.php\/wp-json\/wp\/v2\/users\/1"}],"replies":[{"embeddable":true,"href":"https:\/\/baobab-vc.com\/index.php\/wp-json\/wp\/v2\/comments?post=908"}],"version-history":[{"count":25,"href":"https:\/\/baobab-vc.com\/index.php\/wp-json\/wp\/v2\/pages\/908\/revisions"}],"predecessor-version":[{"id":2567,"href":"https:\/\/baobab-vc.com\/index.php\/wp-json\/wp\/v2\/pages\/908\/revisions\/2567"}],"wp:attachment":[{"href":"https:\/\/baobab-vc.com\/index.php\/wp-json\/wp\/v2\/media?parent=908"}],"curies":[{"name":"wp","href":"https:\/\/api.w.org\/{rel}","templated":true}]}}